{"id":199,"date":"2012-06-06T20:40:43","date_gmt":"2012-06-06T18:40:43","guid":{"rendered":"http:\/\/emka31.mennemann.de\/?page_id=199"},"modified":"2014-04-08T08:52:59","modified_gmt":"2014-04-08T06:52:59","slug":"daten-zum-boot","status":"publish","type":"page","link":"http:\/\/emka31.mennemann.de\/?page_id=199","title":{"rendered":"Daten zum Boot"},"content":{"rendered":"<p>Der Liegeplatz der Nereus ist Lemmer in den Niederlanden:<\/p>\n\r\n                \r\n            <div id=\"wpgmza_map\" data-settings='{\"id\":\"1\",\"map_title\":\"My first map\",\"map_width\":\"600\",\"map_height\":\"400\",\"map_start_lat\":\"52.819569\",\"map_start_lng\":\"5.697883\",\"map_start_location\":\"52.81956929646896,5.697882856546341\",\"map_start_zoom\":\"10\",\"default_marker\":\"\",\"type\":\"1\",\"alignment\":\"1\",\"directions_enabled\":\"0\",\"styling_enabled\":\"0\",\"styling_json\":\"\",\"active\":\"0\",\"kml\":\"\",\"bicycle\":\"2\",\"traffic\":\"2\",\"dbox\":\"0\",\"dbox_width\":\"\",\"listmarkers\":\"0\",\"listmarkers_advanced\":\"0\",\"ugm_enabled\":\"0\",\"fusion\":\"\",\"map_width_type\":\"px\",\"map_height_type\":\"px\",\"mass_marker_support\":\"1\",\"ugm_access\":\"0\",\"order_markers_by\":\"0\",\"order_markers_choice\":\"0\",\"show_user_location\":\"0\",\"filterbycat\":\"0\",\"ugm_category_enabled\":\"0\",\"default_to\":\"\",\"other_settings\":\"a:7:{s:21:\\\"store_locator_enabled\\\";i:2;s:22:\\\"store_locator_distance\\\";i:2;s:26:\\\"store_locator_query_string\\\";s:14:\\\"ZIP \\\/ Address:\\\";s:13:\\\"weather_layer\\\";i:2;s:23:\\\"weather_layer_temp_type\\\";i:1;s:11:\\\"cloud_layer\\\";i:2;s:15:\\\"transport_layer\\\";i:2;}\"}' data-shortcode-attributes='{\"id\":\"1\"}' style=\"display:block; overflow:auto; width:600px; height:400px; float:left;\">\r\n            \r\n            <\/div>\r\n        \n<p>&nbsp;<\/p>\n<p>Hier nun einige Daten zum Boot:<\/p>\n<p>L\u00e4nge 9,2m<br \/>\nBreite 3,00m<br \/>\nTiefgang 1,40m<br \/>\nMasth\u00f6he 12m<br \/>\nBj. 1980<br \/>\nLiegeplatz Lermmer Niederlande\/Ijsselmeer<br \/>\nMotor Yanmar 18Ps<br \/>\nFrischwassertank 110l<br \/>\nDieseltank 37l<\/p>\n<p>Funkanlage Standard Horizon GX2100E<br \/>\nRufzeichen DG5248<br \/>\nMMSI 211582990<br \/>\nATIS 9211075248<\/p>\n<p>Die Emka 31 wurde in Bremen von Manfred Kerner gebaut. Die Werft gibt es inzwischen aber nicht mehr. Meist wurden Kaskoboote produziert, so dass der Ausbau sehr unterschiedlich ist. Es wird ihnen nachgesagt, dass sie manchmal etwas zu weich sind, allerdings gibt es eine breite Streuung und wohl auch nicht mehr Probleme als mit anderen Booten. Die Segeleigenschaften sind gut auch wenn es keine Rennyacht ist, das ist allerdings auch in meinem Sinn, da ich sie als Fahrtensegler einsetzen m\u00f6chte. Es gibt einen Bericht im Yacht-Forum, den man <a href=\"http:\/\/forum.yacht.de\/archive\/index.php\/t-86667.html\" target=\"_blank\">hier<\/a> lesen kann.<\/p>\n<p>Das Boot wurde in den letzten Jahren aufw\u00e4ndig gepflegt, so ist eine neue Toilette gebaut worden und die Bugkabine wurde erneuert. Ebenso der Boden im Salon und die Schr\u00e4nke. In 2012 wurde aufgrund eines Mastbruchs der komplette Mast sowie alle Fallen und Schoten und die Rollfockanlage erneuert, diese sind also jetzt so gut wie neu. Die K\u00fcche inklusive K\u00fchlschrank wurde ebenso erneuert.<\/p>\n<p>Au\u00dfen wurde die Antirutsch-Beschichtung erneuert sowie selbstverst\u00e4ndlich jedes Jahr Antifouling neu gemacht.<\/p>\n<p>Im Winter 2013\/2014 wurde das Unterschiff mit dem HotVak-Verfahren aufw\u00e4ndig von beginnender Osmose befreit. Es wurde komplett abgeschliffen und dann mit f\u00fcnf Schichten Epoxie neu versiegelt und mit einem neuen Antifouling versehen. Dadurch ist das Boot jetzt wieder in einem einwandfreien Zustand und f\u00fcr die n\u00e4chsten Jahre vor weiteren \u00dcberraschungen gesch\u00fctzt.<\/p>\n<p>&nbsp;<\/p>\n","protected":false},"excerpt":{"rendered":"<p>Der Liegeplatz der Nereus ist Lemmer in den Niederlanden: &nbsp; Hier nun einige Daten zum Boot: L\u00e4nge 9,2m Breite 3,00m Tiefgang 1,40m Masth\u00f6he 12m Bj. 1980 Liegeplatz Lermmer Niederlande\/Ijsselmeer Motor Yanmar 18Ps Frischwassertank 110l Dieseltank 37l Funkanlage Standard Horizon GX2100E &hellip; <a href=\"http:\/\/emka31.mennemann.de\/?page_id=199\">Weiterlesen <span class=\"meta-nav\">&rarr;<\/span><\/a><\/p>\n","protected":false},"author":1,"featured_media":0,"parent":0,"menu_order":0,"comment_status":"open","ping_status":"open","template":"","meta":{"ngg_post_thumbnail":0},"_links":{"self":[{"href":"http:\/\/emka31.mennemann.de\/index.php?rest_route=\/wp\/v2\/pages\/199"}],"collection":[{"href":"http:\/\/emka31.mennemann.de\/index.php?rest_route=\/wp\/v2\/pages"}],"about":[{"href":"http:\/\/emka31.mennemann.de\/index.php?rest_route=\/wp\/v2\/types\/page"}],"author":[{"embeddable":true,"href":"http:\/\/emka31.mennemann.de\/index.php?rest_route=\/wp\/v2\/users\/1"}],"replies":[{"embeddable":true,"href":"http:\/\/emka31.mennemann.de\/index.php?rest_route=%2Fwp%2Fv2%2Fcomments&post=199"}],"version-history":[{"count":15,"href":"http:\/\/emka31.mennemann.de\/index.php?rest_route=\/wp\/v2\/pages\/199\/revisions"}],"predecessor-version":[{"id":616,"href":"http:\/\/emka31.mennemann.de\/index.php?rest_route=\/wp\/v2\/pages\/199\/revisions\/616"}],"wp:attachment":[{"href":"http:\/\/emka31.mennemann.de\/index.php?rest_route=%2Fwp%2Fv2%2Fmedia&parent=199"}],"curies":[{"name":"wp","href":"https:\/\/api.w.org\/{rel}","templated":true}]}}