{"id":476,"date":"2013-06-25T15:56:00","date_gmt":"2013-06-25T13:56:00","guid":{"rendered":"http:\/\/emka31.mennemann.de\/?page_id=476"},"modified":"2014-04-08T08:47:59","modified_gmt":"2014-04-08T06:47:59","slug":"segelinfos-2","status":"publish","type":"page","link":"http:\/\/emka31.mennemann.de\/?page_id=476","title":{"rendered":"Segelinfos"},"content":{"rendered":"<p>Beaufortskala<\/p>\n<table width=\"391\" border=\"0\" cellspacing=\"0\" cellpadding=\"0\">\n<colgroup>\n<col span=\"2\" width=\"80\" \/>\n<col width=\"151\" \/>\n<col width=\"80\" \/> <\/colgroup>\n<tbody>\n<tr>\n<td width=\"80\" height=\"25\">Bft.<\/td>\n<td width=\"80\">km\/h<\/td>\n<td width=\"151\">Knoten, sm\/h<\/td>\n<td width=\"80\">m\/s<\/td>\n<\/tr>\n<tr>\n<td height=\"20\">0<\/td>\n<td>1<\/td>\n<td>1<\/td>\n<td>0 &#8211; 0,2<\/td>\n<\/tr>\n<tr>\n<td height=\"20\">1<\/td>\n<td>1-5<\/td>\n<td>1-3<\/td>\n<td>0,3-1,5<\/td>\n<\/tr>\n<tr>\n<td height=\"20\">2<\/td>\n<td>6-11<\/td>\n<td>4-6<\/td>\n<td>1,6-3,3<\/td>\n<\/tr>\n<tr>\n<td height=\"20\">3<\/td>\n<td>12-19<\/td>\n<td>7-10<\/td>\n<td>3,4-5,4<\/td>\n<\/tr>\n<tr>\n<td height=\"20\">4<\/td>\n<td>20-28<\/td>\n<td>11-15<\/td>\n<td>5,5-7,9<\/td>\n<\/tr>\n<tr>\n<td height=\"20\">5<\/td>\n<td>29-38<\/td>\n<td>16-21<\/td>\n<td>8,0-10,7<\/td>\n<\/tr>\n<tr>\n<td height=\"20\">6<\/td>\n<td>39-49<\/td>\n<td>22-27<\/td>\n<td>10,8-13,8<\/td>\n<\/tr>\n<tr>\n<td height=\"20\">7<\/td>\n<td>50-61<\/td>\n<td>28-33<\/td>\n<td>13,9-17,1<\/td>\n<\/tr>\n<tr>\n<td height=\"20\">8<\/td>\n<td>62-74<\/td>\n<td>34-40<\/td>\n<td>17,2-20,7<\/td>\n<\/tr>\n<tr>\n<td height=\"20\">9<\/td>\n<td>75-88<\/td>\n<td>41-47<\/td>\n<td>20,8-24,4<\/td>\n<\/tr>\n<tr>\n<td height=\"20\">10<\/td>\n<td>89-102<\/td>\n<td>48-55<\/td>\n<td>24,5-28,4<\/td>\n<\/tr>\n<tr>\n<td height=\"20\">11<\/td>\n<td>103-117<\/td>\n<td>56-63<\/td>\n<td>28,5-32,6<\/td>\n<\/tr>\n<tr>\n<td height=\"20\">12<\/td>\n<td>118-133<\/td>\n<td>64-71<\/td>\n<td>32,7-36,9<\/td>\n<\/tr>\n<\/tbody>\n<\/table>\n<h6>Fausregel:<br \/>\nknoten + 10 geteilt durch 6 ergibt Beaufort<br \/>\nalso<br \/>\n35 + 10 = 45 \/ 6 = 7,5 aufgerundet 8 Bft<br \/>\n8 * 6 = 48 &#8211; 10 = 38 knoten<\/h6>\n<p>&nbsp;<\/p>\n<h1><strong><\/strong><b>Funkkan\u00e4le in Holland &#8211; Marifoonkanaal-List <\/b><\/h1>\n<p><b>KANAL 1 <\/b><\/p>\n<p>Centrale Meldpost Ijsselmeer. \u00dcber Kanal 1 werden alle 15 Minuten nach einer vollen Stunde Wetterberichte und Schifffahrtsberichte gesendet. Hier werden werden Umweltverschmutzungen (\u00d6l), ge\u00e4nderte Fahrwassermarkierungen, St\u00f6rungen in Naturschutzgebieten, usw. gemeldet.<\/p>\n<p><b>KANAL 2 und 5 <\/b><\/p>\n<p>Das ist der Kanal der \u2018Verkeerspost Brandaris\u2019. Dieser Kanal muss um \u2018Zeegat van Terschelling\u2019 abgeh\u00f6rt werden. Auf Kanal 2 wird alle halbe Stunde nach jeder ungeraden Stunde ein Wetterbericht gesendet. Live kann er \u00fcber <a href=\"http:\/\/www.wadscan.nl\">http:\/\/www.wadscan.nl<\/a> abgeh\u00f6rt werden.<\/p>\n<p><b>KANAL 4 <\/b><\/p>\n<p>Centrale Meldpost Waddenzee. \u00dcber diesen Kanal k\u00f6nnen dem Meldeposten Umweltverschmutzungen (\u00d6l), ge\u00e4nderte Fahrwassermarkierungen, St\u00f6rungen in Naturschutzgebieten, usw. gemeldet werden.<\/p>\n<p><b>KANAL 15 <b>UND <\/b>17 <\/b><\/p>\n<p>Kan\u00e4le f\u00fcr die Kommunikation auf einem Schiff (Bordfunk). Diese d\u00fcrfen nur von der Berufsschifffahrt benutzt werden.<\/p>\n<p><b>KANAL 16 <\/b><\/p>\n<p>\u00dcber diesen Kanal d\u00fcrfen alle Not-, Gefahr in Verzug und Sicherheitsmeldungen erfolgen. Die Niederl\u00e4ndische K\u00fcstenwacht h\u00f6rt den Kanal 16 weiter seit dem 01.02.2005 ab.<\/p>\n<p><b>KANALEN 18, 20 EN 22 <\/b><\/p>\n<p>Anrufkanal f\u00fcr Br\u00fccken und Schleusen.<\/p>\n<p><b>KANAL 23 EN 83 <\/b><\/p>\n<p>Dieser Kanal wird von der Niederl\u00e4ndischen K\u00fcstenwacht, nach Ank\u00fcndigung auf Kanal 16, f\u00fcr Sicherheitswarnungen, sowie Sturmwarnungen , Navigationsberichte, Eiswarnungen und Berichte \u00fcber Vermessungsarbeiten. Au\u00dferdem wird \u00fcber diesen Kanal (4x am Tag) ein Wetterbericht f\u00fcr die K\u00fcstengew\u00e4sser und das Ijsselmeer gesendet. Hier\u00fcber werden auch medizinische Hilfestellungen abgewickelt.<\/p>\n<p><b>KANAL 30 <\/b><\/p>\n<p>Der Kanal wird zum Dirigieren von Schiffen an Lade- und Entladepl\u00e4tzen in einem begrenzten Gebiet (ca. 1 km um den Ladeplatz). Funkger\u00e4te an Bord von Rhein- und Binnenschiffen m\u00fcssen diesem Kanal abh\u00f6ren. Die Sendeleistung wird automatisch reduziert.<\/p>\n<p><b>KANAL 31 <\/b><\/p>\n<p>F\u00fcr die Kommunikation zwischen Schiffen und Jachthafen f\u00fcr die Anweisung von Liegepl\u00e4tzen und die Navigation zu dem Liegeplatz ist in einem begrenzten Gebiet der Kanal 31 vorgesehen.<span style=\"color: #ff0000;\"> Auch auf diesem Kanal darf nur mit verminderter Leistung gesendet werden.<\/span><\/p>\n<p>KANAL 67<\/p>\n<p>Ausweichkanal der K\u00fcstenwache und f\u00fcr Search and Rescue \u2014 SAR-Kanal.<\/p>\n<p>KANAL 71<\/p>\n<p>\u00dcber diesen Kanal, zugewiesen vom Milit\u00e4r, kann der Verantwortliche Schie\u00df\u00fcbungen ank\u00fcndigen, die regelm\u00e4\u00dfig im s\u00fcdlichen Teil des Deichs von Breezanddijk abgehalten werden.<\/p>\n<p>KANAL 72<\/p>\n<p>Die Rhein- und Binnenschifffahrt benutzen diesen Kanal f\u00fcr Gespr\u00e4che innerhalb eines Schleppverbandes. Die Gespr\u00e4che sind ausschlie\u00dflich f\u00fcr diese spezielle Aktivit\u00e4t reserviert.<\/p>\n<p>KANAL 73<\/p>\n<p>Wir von der K\u00fcstenwache f\u00fcr Meldungen \u00fcber Wasserverunreinigungen genutzt.<\/p>\n<p>KANAl 77<\/p>\n<p>Der Kanal wird f\u00fcr kurze Gespr\u00e4che zwischen Schiffen verwendet. <span style=\"color: #ff0000;\">Dieser Knal darf nur mit verminderter Leistung benutzt werden.<\/span> Mit Nachdruck wird darauf hingewiesen, dass bei Gespr\u00e4chen auf diesem Kanal die n\u00f6tige Zur\u00fcckhaltung beachtet wird. Viele andere Schiffe sind f\u00fcr Privatgespr\u00e4che auch auf diesen Kanal angewiesen. Darum fasse dich kurz. F\u00fcr permanent ?????? und Hafenh\u00e4ndler ist der Gebrauch ebenfalls erlaubt.<\/p>\n<p><!--more--><\/p>\n<p><!--more--><\/p>\n","protected":false},"excerpt":{"rendered":"<p>Beaufortskala Bft. km\/h Knoten, sm\/h m\/s 0 1 1 0 &#8211; 0,2 1 1-5 1-3 0,3-1,5 2 6-11 4-6 1,6-3,3 3 12-19 7-10 3,4-5,4 4 20-28 11-15 5,5-7,9 5 29-38 16-21 8,0-10,7 6 39-49 22-27 10,8-13,8 7 50-61 28-33 13,9-17,1 &hellip; <a href=\"http:\/\/emka31.mennemann.de\/?page_id=476\">Weiterlesen <span class=\"meta-nav\">&rarr;<\/span><\/a><\/p>\n","protected":false},"author":1,"featured_media":0,"parent":0,"menu_order":0,"comment_status":"open","ping_status":"open","template":"","meta":{"ngg_post_thumbnail":0},"_links":{"self":[{"href":"http:\/\/emka31.mennemann.de\/index.php?rest_route=\/wp\/v2\/pages\/476"}],"collection":[{"href":"http:\/\/emka31.mennemann.de\/index.php?rest_route=\/wp\/v2\/pages"}],"about":[{"href":"http:\/\/emka31.mennemann.de\/index.php?rest_route=\/wp\/v2\/types\/page"}],"author":[{"embeddable":true,"href":"http:\/\/emka31.mennemann.de\/index.php?rest_route=\/wp\/v2\/users\/1"}],"replies":[{"embeddable":true,"href":"http:\/\/emka31.mennemann.de\/index.php?rest_route=%2Fwp%2Fv2%2Fcomments&post=476"}],"version-history":[{"count":7,"href":"http:\/\/emka31.mennemann.de\/index.php?rest_route=\/wp\/v2\/pages\/476\/revisions"}],"predecessor-version":[{"id":619,"href":"http:\/\/emka31.mennemann.de\/index.php?rest_route=\/wp\/v2\/pages\/476\/revisions\/619"}],"wp:attachment":[{"href":"http:\/\/emka31.mennemann.de\/index.php?rest_route=%2Fwp%2Fv2%2Fmedia&parent=476"}],"curies":[{"name":"wp","href":"https:\/\/api.w.org\/{rel}","templated":true}]}}